{"id":7164,"date":"2019-12-12T03:20:38","date_gmt":"2019-12-12T03:20:38","guid":{"rendered":"https:\/\/villadongrosa.com\/page-404\/"},"modified":"2026-04-08T08:15:30","modified_gmt":"2026-04-08T08:15:30","slug":"page-404","status":"publish","type":"page","link":"https:\/\/villadongrosa.com\/es\/page-404\/","title":{"rendered":"Page 404"},"content":{"rendered":"\t\t<div data-elementor-type=\"wp-page\" data-elementor-id=\"7164\" class=\"elementor elementor-7164 elementor-2339\">\n\t\t\t\t\t\t<section class=\"elementor-section elementor-top-section elementor-element elementor-element-e74e671 elementor-section-stretched elementor-section-full_width elementor-section-height-full elementor-section-content-middle elementor-section-height-default elementor-section-items-middle\" data-id=\"e74e671\" data-element_type=\"section\" data-e-type=\"section\" data-settings=\"{&quot;stretch_section&quot;:&quot;section-stretched&quot;,&quot;background_background&quot;:&quot;classic&quot;}\">\n\t\t\t\t\t\t<div class=\"elementor-container elementor-column-gap-no\">\n\t\t\t\t\t<div class=\"elementor-column elementor-col-100 elementor-top-column elementor-element elementor-element-dde76e6\" data-id=\"dde76e6\" data-element_type=\"column\" data-e-type=\"column\">\n\t\t\t<div class=\"elementor-widget-wrap elementor-element-populated\">\n\t\t\t\t\t\t<div class=\"elementor-element elementor-element-0dec522 elementor-align-center elementor-widget elementor-widget-heading\" data-id=\"0dec522\" data-element_type=\"widget\" data-e-type=\"widget\" data-widget_type=\"heading.default\">\n\t\t\t\t<div class=\"elementor-widget-container\">\n\t\t\t\t\t<h2 class=\"elementor-heading-title elementor-size-default\">404<\/h2>\t\t\t\t<\/div>\n\t\t\t\t<\/div>\n\t\t\t\t<div class=\"elementor-element elementor-element-704198c elementor-align-center elementor-widget elementor-widget-heading\" data-id=\"704198c\" data-element_type=\"widget\" data-e-type=\"widget\" data-widget_type=\"heading.default\">\n\t\t\t\t<div class=\"elementor-widget-container\">\n\t\t\t\t\t<h3 class=\"elementor-heading-title elementor-size-default\">\u00a1Ups! P\u00e1gina no encontrada<\/h3>\t\t\t\t<\/div>\n\t\t\t\t<\/div>\n\t\t\t\t<div class=\"elementor-element elementor-element-1c9d048 elementor-widget elementor-widget-text-editor\" data-id=\"1c9d048\" data-element_type=\"widget\" data-e-type=\"widget\" data-widget_type=\"text-editor.default\">\n\t\t\t\t<div class=\"elementor-widget-container\">\n\t\t\t\t\t        <div class=\"elementor-text-editor elementor-clearfix\"><p data-start=\"0\" data-end=\"112\">La p\u00e1gina no existe o se ha producido un error. Ve a nuestra p\u00e1gina de inicio o vuelve a la p\u00e1gina anterior.<\/p><\/div>\n        \t\t\t\t<\/div>\n\t\t\t\t<\/div>\n\t\t\t\t<section class=\"elementor-section elementor-inner-section elementor-element elementor-element-5dad4e4 elementor-section-full_width elementor-section-height-default elementor-section-height-default\" data-id=\"5dad4e4\" data-element_type=\"section\" data-e-type=\"section\">\n\t\t\t\t\t\t<div class=\"elementor-container elementor-column-gap-no\">\n\t\t\t\t\t<div class=\"elementor-column elementor-col-100 elementor-inner-column elementor-element elementor-element-c9108dc\" data-id=\"c9108dc\" data-element_type=\"column\" data-e-type=\"column\">\n\t\t\t<div class=\"elementor-widget-wrap elementor-element-populated\">\n\t\t\t\t\t\t<div class=\"elementor-element elementor-element-ffa4f79 elementor-widget__width-auto elementor-button-primary elementor-widget elementor-widget-button\" data-id=\"ffa4f79\" data-element_type=\"widget\" data-e-type=\"widget\" data-widget_type=\"button.default\">\n\t\t\t\t<div class=\"elementor-widget-container\">\n\t\t\t\t\t        <div class=\"elementor-button-wrapper\">\n            <a href=\"https:\/\/villadongrosa.com\/es\" class=\"elementor-button-link elementor-button elementor-size-md\" role=\"button\">\n                        <span class=\"elementor-button-content-wrapper\">\n\t\t\t                <span class=\"elementor-button-icon elementor-align-icon-right\">\n\t\t\t\t<i class=\"opal-icon-long-arrow-right\" aria-hidden=\"true\"><\/i>\n\t\t\t<\/span>\n                        <span class=\"elementor-button-text\">P\u00e1gina de inicio<\/span>\n\t\t<\/span>\n\n\n                <\/a>\n        <\/div>\n        \t\t\t\t<\/div>\n\t\t\t\t<\/div>\n\t\t\t\t\t<\/div>\n\t\t<\/div>\n\t\t\t\t\t<\/div>\n\t\t<\/section>\n\t\t\t\t\t<\/div>\n\t\t<\/div>\n\t\t\t\t\t<\/div>\n\t\t<\/section>\n\t\t\t\t<\/div>\n\t\t","protected":false},"excerpt":{"rendered":"<p>404 \u00a1Ups! P\u00e1gina no encontrada La p\u00e1gina no existe o se ha producido un error. Ve a nuestra p\u00e1gina de inicio o vuelve a la p\u00e1gina anterior. P\u00e1gina de inicio<\/p>\n","protected":false},"author":1,"featured_media":0,"parent":0,"menu_order":0,"comment_status":"closed","ping_status":"closed","template":"page-elementor.php","meta":{"inline_featured_image":false,"footnotes":""},"class_list":["post-7164","page","type-page","status-publish","hentry"],"_links":{"self":[{"href":"https:\/\/villadongrosa.com\/es\/wp-json\/wp\/v2\/pages\/7164","targetHints":{"allow":["GET"]}}],"collection":[{"href":"https:\/\/villadongrosa.com\/es\/wp-json\/wp\/v2\/pages"}],"about":[{"href":"https:\/\/villadongrosa.com\/es\/wp-json\/wp\/v2\/types\/page"}],"author":[{"embeddable":true,"href":"https:\/\/villadongrosa.com\/es\/wp-json\/wp\/v2\/users\/1"}],"replies":[{"embeddable":true,"href":"https:\/\/villadongrosa.com\/es\/wp-json\/wp\/v2\/comments?post=7164"}],"version-history":[{"count":4,"href":"https:\/\/villadongrosa.com\/es\/wp-json\/wp\/v2\/pages\/7164\/revisions"}],"predecessor-version":[{"id":7170,"href":"https:\/\/villadongrosa.com\/es\/wp-json\/wp\/v2\/pages\/7164\/revisions\/7170"}],"wp:attachment":[{"href":"https:\/\/villadongrosa.com\/es\/wp-json\/wp\/v2\/media?parent=7164"}],"curies":[{"name":"wp","href":"https:\/\/api.w.org\/{rel}","templated":true}]}}