{"id":7132,"date":"2019-07-18T08:57:06","date_gmt":"2019-07-18T08:57:06","guid":{"rendered":"https:\/\/villadongrosa.com\/faq\/"},"modified":"2026-04-08T08:08:08","modified_gmt":"2026-04-08T08:08:08","slug":"faq","status":"publish","type":"page","link":"https:\/\/villadongrosa.com\/es\/faq\/","title":{"rendered":"Preguntas frecuentes"},"content":{"rendered":"\t\t<div data-elementor-type=\"wp-post\" data-elementor-id=\"7132\" class=\"elementor elementor-7132 elementor-513\">\n\t\t\t\t\t\t<section class=\"elementor-section elementor-top-section elementor-element elementor-element-5330eab elementor-section-stretched elementor-section-boxed elementor-section-height-default elementor-section-height-default\" data-id=\"5330eab\" data-element_type=\"section\" data-e-type=\"section\" data-settings=\"{&quot;stretch_section&quot;:&quot;section-stretched&quot;}\">\n\t\t\t\t\t\t<div class=\"elementor-container elementor-column-gap-no\">\n\t\t\t\t\t<div class=\"elementor-column elementor-col-100 elementor-top-column elementor-element elementor-element-0f68d92\" data-id=\"0f68d92\" data-element_type=\"column\" data-e-type=\"column\">\n\t\t\t<div class=\"elementor-widget-wrap elementor-element-populated\">\n\t\t\t\t\t\t<div class=\"elementor-element elementor-element-dd74c30 elementor-align-center animated-fast elementor-invisible elementor-widget elementor-widget-heading\" data-id=\"dd74c30\" data-element_type=\"widget\" data-e-type=\"widget\" data-settings=\"{&quot;_animation&quot;:&quot;opal-move-up&quot;}\" data-widget_type=\"heading.default\">\n\t\t\t\t<div class=\"elementor-widget-container\">\n\t\t\t\t\t<h2 class=\"elementor-heading-title elementor-size-default\">Preguntas generales<\/h2>\t\t\t\t<\/div>\n\t\t\t\t<\/div>\n\t\t\t\t<div class=\"elementor-element elementor-element-d61f54b animated-fast elementor-invisible elementor-widget elementor-widget-accordion\" data-id=\"d61f54b\" data-element_type=\"widget\" data-e-type=\"widget\" data-settings=\"{&quot;_animation&quot;:&quot;opal-move-up&quot;}\" data-widget_type=\"accordion.default\">\n\t\t\t\t<div class=\"elementor-widget-container\">\n\t\t\t\t\t        <div class=\"elementor-accordion\" role=\"tablist\">\n                    <div class=\"elementor-accordion-item\">\n            <h5 id=\"elementor-tab-title-2241\" class=\"elementor-tab-title\" tabindex=\"2241\" data-tab=\"1\" role=\"tab\" aria-controls=\"elementor-tab-content-2241\">\n                        <span class=\"elementor-accordion-icon\" aria-hidden=\"true\">\n\t\t\t\t\t\t\t<i class=\"elementor-accordion-icon-closed fa fa-plus\"><\/i>\n\t\t\t\t\t\t\t<i class=\"elementor-accordion-icon-opened fa fa-minus\"><\/i>\n\t\t\t\t\t\t<\/span>\n                    Qu\u00e9 actividades est\u00e1n disponibles en la laguna?            <\/h5>\n            <div id=\"elementor-tab-content-2241\" class=\"elementor-tab-content elementor-clearfix\" data-tab=\"1\" role=\"tabpanel\" aria-labelledby=\"elementor-tab-title-2241\"><p class=\"p1\">La laguna cristalina de 16.000 m\u00b2 ofrece nataci\u00f3n, kayak, paddle surf y windsurf. Tambi\u00e9n cuenta con un exclusivo Beach Club con restaurante y bar con vistas al agua.<\/p><\/div>\n            <\/div>\n                    <div class=\"elementor-accordion-item\">\n            <h5 id=\"elementor-tab-title-2242\" class=\"elementor-tab-title\" tabindex=\"2242\" data-tab=\"2\" role=\"tab\" aria-controls=\"elementor-tab-content-2242\">\n                        <span class=\"elementor-accordion-icon\" aria-hidden=\"true\">\n\t\t\t\t\t\t\t<i class=\"elementor-accordion-icon-closed fa fa-plus\"><\/i>\n\t\t\t\t\t\t\t<i class=\"elementor-accordion-icon-opened fa fa-minus\"><\/i>\n\t\t\t\t\t\t<\/span>\n                    Hay instalaciones deportivas en el resort?            <\/h5>\n            <div id=\"elementor-tab-content-2242\" class=\"elementor-tab-content elementor-clearfix\" data-tab=\"2\" role=\"tabpanel\" aria-labelledby=\"elementor-tab-title-2242\"><p data-start=\"0\" data-end=\"188\">S\u00ed, el resort cuenta con pistas y espacios para voleibol, baloncesto, f\u00fatbol, petanca y p\u00e1del\/tenis. Tambi\u00e9n dispone de un gimnasio al aire libre y una zona de entrenamiento funcional.<\/p><\/div>\n            <\/div>\n                    <div class=\"elementor-accordion-item\">\n            <h5 id=\"elementor-tab-title-2243\" class=\"elementor-tab-title\" tabindex=\"2243\" data-tab=\"3\" role=\"tab\" aria-controls=\"elementor-tab-content-2243\">\n                        <span class=\"elementor-accordion-icon\" aria-hidden=\"true\">\n\t\t\t\t\t\t\t<i class=\"elementor-accordion-icon-closed fa fa-plus\"><\/i>\n\t\t\t\t\t\t\t<i class=\"elementor-accordion-icon-opened fa fa-minus\"><\/i>\n\t\t\t\t\t\t<\/span>\n                    El resort es apto para familias y adecuado para ni\u00f1os?            <\/h5>\n            <div id=\"elementor-tab-content-2243\" class=\"elementor-tab-content elementor-clearfix\" data-tab=\"3\" role=\"tabpanel\" aria-labelledby=\"elementor-tab-title-2243\"><p data-start=\"0\" data-end=\"93\">\u00a1Por supuesto! Hay zonas de juego dedicadas y \u00e1reas seguras para que los ni\u00f1os disfruten.<\/p><\/div>\n            <\/div>\n                    <div class=\"elementor-accordion-item\">\n            <h5 id=\"elementor-tab-title-2244\" class=\"elementor-tab-title\" tabindex=\"2244\" data-tab=\"4\" role=\"tab\" aria-controls=\"elementor-tab-content-2244\">\n                        <span class=\"elementor-accordion-icon\" aria-hidden=\"true\">\n\t\t\t\t\t\t\t<i class=\"elementor-accordion-icon-closed fa fa-plus\"><\/i>\n\t\t\t\t\t\t\t<i class=\"elementor-accordion-icon-opened fa fa-minus\"><\/i>\n\t\t\t\t\t\t<\/span>\n                    Se puede pasear o ir en bicicleta por el resort?            <\/h5>\n            <div id=\"elementor-tab-content-2244\" class=\"elementor-tab-content elementor-clearfix\" data-tab=\"4\" role=\"tabpanel\" aria-labelledby=\"elementor-tab-title-2244\"><p data-start=\"0\" data-end=\"199\">S\u00ed, hay varios kil\u00f3metros de senderos para caminar y andar en bicicleta a trav\u00e9s de la zona verde llamada \u201cLa Reserva\u201d, perfecta para los amantes de la naturaleza y las actividades al aire libre.<\/p><p data-start=\"201\" data-end=\"244\">\u00a0<\/p><\/div>\n            <\/div>\n                    <div class=\"elementor-accordion-item\">\n            <h5 id=\"elementor-tab-title-2245\" class=\"elementor-tab-title\" tabindex=\"2245\" data-tab=\"5\" role=\"tab\" aria-controls=\"elementor-tab-content-2245\">\n                        <span class=\"elementor-accordion-icon\" aria-hidden=\"true\">\n\t\t\t\t\t\t\t<i class=\"elementor-accordion-icon-closed fa fa-plus\"><\/i>\n\t\t\t\t\t\t\t<i class=\"elementor-accordion-icon-opened fa fa-minus\"><\/i>\n\t\t\t\t\t\t<\/span>\n                    Hay instalaciones para barbacoa en el alojamiento?            <\/h5>\n            <div id=\"elementor-tab-content-2245\" class=\"elementor-tab-content elementor-clearfix\" data-tab=\"5\" role=\"tabpanel\" aria-labelledby=\"elementor-tab-title-2245\"><p data-start=\"0\" data-end=\"121\"><strong data-start=\"0\" data-end=\"121\">S\u00ed, el resort ofrece zonas de barbacoa designadas donde puedes relajarte y disfrutar de comidas con familia o amigos.<\/strong><\/p><p data-start=\"123\" data-end=\"166\">\u00a0<\/p><\/div>\n            <\/div>\n                    <div class=\"elementor-accordion-item\">\n            <h5 id=\"elementor-tab-title-2246\" class=\"elementor-tab-title\" tabindex=\"2246\" data-tab=\"6\" role=\"tab\" aria-controls=\"elementor-tab-content-2246\">\n                        <span class=\"elementor-accordion-icon\" aria-hidden=\"true\">\n\t\t\t\t\t\t\t<i class=\"elementor-accordion-icon-closed fa fa-plus\"><\/i>\n\t\t\t\t\t\t\t<i class=\"elementor-accordion-icon-opened fa fa-minus\"><\/i>\n\t\t\t\t\t\t<\/span>\n                    Hay opciones de restauraci\u00f3n en el resort?            <\/h5>\n            <div id=\"elementor-tab-content-2246\" class=\"elementor-tab-content elementor-clearfix\" data-tab=\"6\" role=\"tabpanel\" aria-labelledby=\"elementor-tab-title-2246\"><p class=\"p1\">S\u00ed, el Beach Club cuenta con un restaurante y bar donde puedes disfrutar de comidas y bebidas con una hermosa vista a la laguna.<\/p><\/div>\n            <\/div>\n                    <div class=\"elementor-accordion-item\">\n            <h5 id=\"elementor-tab-title-2247\" class=\"elementor-tab-title\" tabindex=\"2247\" data-tab=\"7\" role=\"tab\" aria-controls=\"elementor-tab-content-2247\">\n                        <span class=\"elementor-accordion-icon\" aria-hidden=\"true\">\n\t\t\t\t\t\t\t<i class=\"elementor-accordion-icon-closed fa fa-plus\"><\/i>\n\t\t\t\t\t\t\t<i class=\"elementor-accordion-icon-opened fa fa-minus\"><\/i>\n\t\t\t\t\t\t<\/span>\n                    Qu\u00e9 puedo hacer en los alrededores?            <\/h5>\n            <div id=\"elementor-tab-content-2247\" class=\"elementor-tab-content elementor-clearfix\" data-tab=\"7\" role=\"tabpanel\" aria-labelledby=\"elementor-tab-title-2247\"><p class=\"p1\">Cerca encontrar\u00e1s playas populares como Los Alc\u00e1zares y La Manga, prestigiosos campos de golf como Mar Menor y La Manga Club, y muchas oportunidades para descubrir la cultura, la gastronom\u00eda y el encanto de la regi\u00f3n de Murcia.<\/p><\/div>\n            <\/div>\n                    <div class=\"elementor-accordion-item\">\n            <h5 id=\"elementor-tab-title-2248\" class=\"elementor-tab-title\" tabindex=\"2248\" data-tab=\"8\" role=\"tab\" aria-controls=\"elementor-tab-content-2248\">\n                        <span class=\"elementor-accordion-icon\" aria-hidden=\"true\">\n\t\t\t\t\t\t\t<i class=\"elementor-accordion-icon-closed fa fa-plus\"><\/i>\n\t\t\t\t\t\t\t<i class=\"elementor-accordion-icon-opened fa fa-minus\"><\/i>\n\t\t\t\t\t\t<\/span>\n                    Es Santa Rosal\u00eda un buen lugar para unas vacaciones activas?            <\/h5>\n            <div id=\"elementor-tab-content-2248\" class=\"elementor-tab-content elementor-clearfix\" data-tab=\"8\" role=\"tabpanel\" aria-labelledby=\"elementor-tab-title-2248\"><p data-start=\"0\" data-end=\"155\"><strong>\u00a1Sin duda! Con una amplia variedad de deportes, actividades acu\u00e1ticas, zonas fitness y senderos naturales, el resort es perfecto para viajeros activos.<\/strong><\/p><p data-start=\"157\" data-end=\"200\">\u00a0<\/p><\/div>\n            <\/div>\n                <\/div>\n        \t\t\t\t<\/div>\n\t\t\t\t<\/div>\n\t\t\t\t\t<\/div>\n\t\t<\/div>\n\t\t\t\t\t<\/div>\n\t\t<\/section>\n\t\t\t\t<\/div>\n\t\t","protected":false},"excerpt":{"rendered":"<p>Preguntas generales Qu\u00e9 actividades est\u00e1n disponibles en la laguna? La laguna cristalina de 16.000 m\u00b2 ofrece nataci\u00f3n, kayak, paddle surf y windsurf. Tambi\u00e9n cuenta con un exclusivo Beach Club con restaurante y bar con vistas al agua. Hay instalaciones deportivas en el resort? S\u00ed, el resort cuenta con pistas y espacios para voleibol, baloncesto, f\u00fatbol, &hellip; <span class=\"more-link-wrap\"><a href=\"https:\/\/villadongrosa.com\/es\/faq\/\" class=\"more-link\">Read More <span class=\"screen-reader-text\"> \u00abPreguntas frecuentes\u00bb<\/span><\/a><\/span><\/p>\n","protected":false},"author":1,"featured_media":0,"parent":0,"menu_order":0,"comment_status":"closed","ping_status":"closed","template":"page-elementor.php","meta":{"inline_featured_image":false,"footnotes":""},"class_list":["post-7132","page","type-page","status-publish","hentry"],"_links":{"self":[{"href":"https:\/\/villadongrosa.com\/es\/wp-json\/wp\/v2\/pages\/7132","targetHints":{"allow":["GET"]}}],"collection":[{"href":"https:\/\/villadongrosa.com\/es\/wp-json\/wp\/v2\/pages"}],"about":[{"href":"https:\/\/villadongrosa.com\/es\/wp-json\/wp\/v2\/types\/page"}],"author":[{"embeddable":true,"href":"https:\/\/villadongrosa.com\/es\/wp-json\/wp\/v2\/users\/1"}],"replies":[{"embeddable":true,"href":"https:\/\/villadongrosa.com\/es\/wp-json\/wp\/v2\/comments?post=7132"}],"version-history":[{"count":4,"href":"https:\/\/villadongrosa.com\/es\/wp-json\/wp\/v2\/pages\/7132\/revisions"}],"predecessor-version":[{"id":7137,"href":"https:\/\/villadongrosa.com\/es\/wp-json\/wp\/v2\/pages\/7132\/revisions\/7137"}],"wp:attachment":[{"href":"https:\/\/villadongrosa.com\/es\/wp-json\/wp\/v2\/media?parent=7132"}],"curies":[{"name":"wp","href":"https:\/\/api.w.org\/{rel}","templated":true}]}}